{"id":266,"date":"2023-11-01T21:08:55","date_gmt":"2023-11-01T19:08:55","guid":{"rendered":"https:\/\/vorasnoskoterklubb.fi\/etusivu\/"},"modified":"2025-12-10T22:14:47","modified_gmt":"2025-12-10T20:14:47","slug":"etusivu","status":"publish","type":"page","link":"https:\/\/vorasnoskoterklubb.fi\/fi\/","title":{"rendered":"Etusivu"},"content":{"rendered":"<div class=\"wpb-content-wrapper\"><p>[vc_row row_height_percent=&#8221;100&#8243; back_color=&#8221;color-wayh&#8221; overlay_alpha=&#8221;50&#8243; gutter_size=&#8221;3&#8243; column_width_percent=&#8221;100&#8243; shift_y=&#8221;0&#8243; z_index=&#8221;0&#8243; front_end_with_slider=&#8221;true&#8221;][vc_column width=&#8221;1\/1&#8243;][uncode_slider slider_type=&#8221;fade&#8221; slider_interval=&#8221;5000&#8243; slider_navspeed=&#8221;400&#8243; slider_loop=&#8221;yes&#8221;][vc_row_inner row_inner_height_percent=&#8221;0&#8243; back_color=&#8221;color-wayh&#8221; back_image=&#8221;203&#8243; parallax=&#8221;yes&#8221; overlay_color=&#8221;color-wayh&#8221; overlay_alpha=&#8221;50&#8243; gutter_size=&#8221;3&#8243; shift_y=&#8221;-4&#8243; z_index=&#8221;0&#8243; limit_content=&#8221;yes&#8221; front_end_with_slider=&#8221;true&#8221; uncode_shortcode_id=&#8221;209756&#8243; back_color_type=&#8221;uncode-palette&#8221; overlay_color_type=&#8221;uncode-palette&#8221;][vc_column_inner column_width_percent=&#8221;100&#8243; position_vertical=&#8221;middle&#8221; align_horizontal=&#8221;align_center&#8221; gutter_size=&#8221;3&#8243; style=&#8221;dark&#8221; overlay_alpha=&#8221;50&#8243; shift_x=&#8221;0&#8243; shift_y=&#8221;0&#8243; shift_y_down=&#8221;0&#8243; z_index=&#8221;0&#8243; medium_width=&#8221;0&#8243; mobile_width=&#8221;0&#8243; zoom_width=&#8221;0&#8243; zoom_height=&#8221;0&#8243; width=&#8221;1\/1&#8243; uncode_shortcode_id=&#8221;138583&#8243;][vc_custom_heading text_size=&#8221;h1&#8243; css_animation=&#8221;bottom-t-top&#8221; animation_delay=&#8221;100&#8243; uncode_shortcode_id=&#8221;109959&#8243;]V\u00f6yri moottorikelkkakerho ry[\/vc_custom_heading][vc_column_text text_lead=&#8221;yes&#8221; css_animation=&#8221;bottom-t-top&#8221; animation_delay=&#8221;200&#8243; uncode_shortcode_id=&#8221;149504&#8243;]Kerho, jossa on nopeutta ja leimahdusta[\/vc_column_text][\/vc_column_inner][\/vc_row_inner][\/uncode_slider][\/vc_column][\/vc_row][vc_row unlock_row_content=&#8221;yes&#8221; row_height_percent=&#8221;50&#8243; override_padding=&#8221;yes&#8221; h_padding=&#8221;0&#8243; top_padding=&#8221;0&#8243; bottom_padding=&#8221;0&#8243; overlay_alpha=&#8221;50&#8243; equal_height=&#8221;yes&#8221; gutter_size=&#8221;0&#8243; shift_y=&#8221;0&#8243;][vc_column column_width_percent=&#8221;100&#8243; gutter_size=&#8221;0&#8243; overlay_alpha=&#8221;50&#8243; shift_x=&#8221;0&#8243; shift_y=&#8221;0&#8243; z_index=&#8221;0&#8243; medium_width=&#8221;0&#8243; mobile_width=&#8221;0&#8243; width=&#8221;1\/2&#8243;][vc_row_inner row_inner_height_percent=&#8221;50&#8243; back_color=&#8221;color-gyho&#8221; overlay_alpha=&#8221;50&#8243; gutter_size=&#8221;3&#8243; shift_y=&#8221;0&#8243; limit_content=&#8221;&#8221;][vc_column_inner column_width_percent=&#8221;100&#8243; gutter_size=&#8221;3&#8243; override_padding=&#8221;yes&#8221; column_padding=&#8221;4&#8243; overlay_alpha=&#8221;50&#8243; shift_x=&#8221;0&#8243; shift_y=&#8221;0&#8243; shift_y_down=&#8221;0&#8243; z_index=&#8221;0&#8243; medium_width=&#8221;0&#8243; mobile_width=&#8221;0&#8243; width=&#8221;1\/1&#8243; uncode_shortcode_id=&#8221;772188&#8243; link_to=&#8221;url:https%3A%2F%2Fvorasnoskoterklubb.fi%2Fforeningen%2F|title:F%C3%B6reningen&#8221;][vc_custom_heading heading_semantic=&#8221;h3&#8243; text_size=&#8221;h1&#8243; uncode_shortcode_id=&#8221;271904&#8243;]Kuka on V\u00f6yri moottorikelkkakerho ry[\/vc_custom_heading][vc_column_text text_lead=&#8221;yes&#8221; uncode_shortcode_id=&#8221;925582&#8243;]Yhdistys V\u00f6yri moottorikelkkakerho ry perustettiin vuonna 2022 tarkoituksena ker\u00e4t\u00e4 kuljettajia ja tietoa kaikesta moottorikelkoihin liittyv\u00e4st\u00e4. T\u00e4\u00e4lt\u00e4 l\u00f6yd\u00e4t tietoa reiteist\u00e4, kilpailuista, lisensseist\u00e4 jne.[\/vc_column_text][\/vc_column_inner][\/vc_row_inner][vc_row_inner row_inner_height_percent=&#8221;50&#8243; overlay_alpha=&#8221;50&#8243; equal_height=&#8221;yes&#8221; gutter_size=&#8221;0&#8243; shift_y=&#8221;0&#8243; limit_content=&#8221;&#8221;][vc_column_inner column_width_percent=&#8221;100&#8243; gutter_size=&#8221;3&#8243; override_padding=&#8221;yes&#8221; column_padding=&#8221;4&#8243; style=&#8221;dark&#8221; back_image=&#8221;250&#8243; overlay_color=&#8221;color-wayh&#8221; overlay_alpha=&#8221;50&#8243; shift_x=&#8221;0&#8243; shift_y=&#8221;0&#8243; shift_y_down=&#8221;0&#8243; z_index=&#8221;0&#8243; medium_width=&#8221;0&#8243; mobile_width=&#8221;0&#8243; width=&#8221;1\/2&#8243; uncode_shortcode_id=&#8221;952359&#8243; overlay_color_type=&#8221;uncode-palette&#8221;][vc_icon icon=&#8221;fa fa-cross&#8221; size=&#8221;fa-4x&#8221; align=&#8221;left&#8221; title=&#8221;Reitit&#8221; uncode_shortcode_id=&#8221;668761&#8243;]<a href=\"https:\/\/kelkkareitit.fi\/?way=1248995164,1252273659,1252273660,1248855713,1243001589,1243001590,1248997297,1249082943,1254972459,1249166189,1258112508,1258113771,1249176166&amp;lat=63.25&amp;lon=22.1&amp;zoom=11\" target=\"_blank\" rel=\"noopener\">Information om v\u00e5ra leder hittar du h\u00e4r<\/a>[\/vc_icon][\/vc_column_inner][vc_column_inner column_width_percent=&#8221;100&#8243; gutter_size=&#8221;3&#8243; override_padding=&#8221;yes&#8221; column_padding=&#8221;4&#8243; style=&#8221;dark&#8221; back_color=&#8221;color-wayh&#8221; back_image=&#8221;251&#8243; overlay_color=&#8221;color-wayh&#8221; overlay_alpha=&#8221;50&#8243; shift_x=&#8221;0&#8243; shift_y=&#8221;0&#8243; shift_y_down=&#8221;0&#8243; z_index=&#8221;0&#8243; medium_width=&#8221;0&#8243; mobile_width=&#8221;0&#8243; width=&#8221;1\/2&#8243; uncode_shortcode_id=&#8221;580247&#8243; back_color_type=&#8221;uncode-palette&#8221; link_to=&#8221;url:https%3A%2F%2Fvorasnoskoterklubb.fi%2Ftavlingar%2F|title:T%C3%A4vlingar&#8221; overlay_color_type=&#8221;uncode-palette&#8221;][vc_icon icon=&#8221;fa fa-trophy2&#8243; icon_color=&#8221;color-xsdn&#8221; size=&#8221;fa-4x&#8221; align=&#8221;left&#8221; title=&#8221;Kilpailut&#8221; uncode_shortcode_id=&#8221;109123&#8243; icon_color_type=&#8221;uncode-palette&#8221;]Kilpailutiedot, osallistumiset ja muuta hy\u00f6dyllist\u00e4 tietoa.[\/vc_icon][\/vc_column_inner][\/vc_row_inner][\/vc_column][vc_column column_width_percent=&#8221;100&#8243; gutter_size=&#8221;3&#8243; override_padding=&#8221;yes&#8221; column_padding=&#8221;4&#8243; back_image=&#8221;252&#8243; overlay_alpha=&#8221;50&#8243; shift_x=&#8221;0&#8243; shift_y=&#8221;0&#8243; shift_y_down=&#8221;0&#8243; z_index=&#8221;0&#8243; medium_width=&#8221;0&#8243; mobile_width=&#8221;0&#8243; width=&#8221;1\/2&#8243; mobile_height=&#8221;340&#8243; uncode_shortcode_id=&#8221;738006&#8243;][\/vc_column][\/vc_row][vc_row unlock_row_content=&#8221;yes&#8221; row_height_percent=&#8221;0&#8243; overlay_alpha=&#8221;50&#8243; gutter_size=&#8221;3&#8243; column_width_percent=&#8221;100&#8243; shift_y=&#8221;0&#8243; z_index=&#8221;0&#8243; content_parallax=&#8221;0&#8243; uncode_shortcode_id=&#8221;254025&#8243; container_limit_width=&#8221;1500&#8243;][vc_column width=&#8221;1\/1&#8243;][vc_column_text text_lead=&#8221;yes&#8221; uncode_shortcode_id=&#8221;373915&#8243;]<\/p>\n<h2 style=\"text-align: center;\">Sponsorimme<\/h2>\n<p>[\/vc_column_text][vc_gallery el_id=&#8221;gallery-177613&#8243; medias=&#8221;465,466,467,468,469,470,471,472,473,474,475,484,485,486,487&#8243; gutter_size=&#8221;3&#8243; media_items=&#8221;media|nolink|original&#8221; screen_lg=&#8221;&#8221; screen_md=&#8221;&#8221; screen_sm=&#8221;&#8221; single_text=&#8221;under&#8221; single_width=&#8221;3&#8243; single_overlay_opacity=&#8221;1&#8243; single_overlay_anim=&#8221;no&#8221; single_text_anim=&#8221;no&#8221; single_image_anim=&#8221;no&#8221; single_padding=&#8221;2&#8243; single_border=&#8221;yes&#8221; uncode_shortcode_id=&#8221;137989&#8243;][\/vc_column][\/vc_row]<\/p>\n<\/div>","protected":false},"excerpt":{"rendered":"<p>[vc_row row_height_percent=&#8221;100&#8243; back_color=&#8221;color-wayh&#8221; overlay_alpha=&#8221;50&#8243; gutter_size=&#8221;3&#8243; column_width_percent=&#8221;100&#8243; shift_y=&#8221;0&#8243; z_index=&#8221;0&#8243; front_end_with_slider=&#8221;true&#8221;][vc_column width=&#8221;1\/1&#8243;][uncode_slider slider_type=&#8221;fade&#8221; slider_interval=&#8221;5000&#8243; slider_navspeed=&#8221;400&#8243; slider_loop=&#8221;yes&#8221;][vc_row_inner row_inner_height_percent=&#8221;0&#8243; back_color=&#8221;color-wayh&#8221; back_image=&#8221;203&#8243; parallax=&#8221;yes&#8221; overlay_color=&#8221;color-wayh&#8221; overlay_alpha=&#8221;50&#8243; [&hellip;]<\/p>\n","protected":false},"author":1,"featured_media":0,"parent":0,"menu_order":0,"comment_status":"closed","ping_status":"closed","template":"","meta":{"footnotes":""},"class_list":["post-266","page","type-page","status-publish","hentry"],"yoast_head":"<!-- This site is optimized with the Yoast SEO plugin v27.3 - https:\/\/yoast.com\/product\/yoast-seo-wordpress\/ -->\n<title>Etusivu - V\u00f6r\u00e5 sn\u00f6skoterklubb rf<\/title>\n<meta name=\"robots\" content=\"index, follow, max-snippet:-1, max-image-preview:large, max-video-preview:-1\" \/>\n<link rel=\"canonical\" href=\"https:\/\/vorasnoskoterklubb.fi\/fi\/\" \/>\n<meta property=\"og:locale\" content=\"fi_FI\" \/>\n<meta property=\"og:type\" content=\"article\" \/>\n<meta property=\"og:title\" content=\"Etusivu - V\u00f6r\u00e5 sn\u00f6skoterklubb rf\" \/>\n<meta property=\"og:description\" content=\"[vc_row row_height_percent=&#8221;100&#8243; back_color=&#8221;color-wayh&#8221; overlay_alpha=&#8221;50&#8243; gutter_size=&#8221;3&#8243; column_width_percent=&#8221;100&#8243; shift_y=&#8221;0&#8243; z_index=&#8221;0&#8243; front_end_with_slider=&#8221;true&#8221;][vc_column width=&#8221;1\/1&#8243;][uncode_slider slider_type=&#8221;fade&#8221; slider_interval=&#8221;5000&#8243; slider_navspeed=&#8221;400&#8243; slider_loop=&#8221;yes&#8221;][vc_row_inner row_inner_height_percent=&#8221;0&#8243; back_color=&#8221;color-wayh&#8221; back_image=&#8221;203&#8243; parallax=&#8221;yes&#8221; overlay_color=&#8221;color-wayh&#8221; overlay_alpha=&#8221;50&#8243; [&hellip;]\" \/>\n<meta property=\"og:url\" content=\"https:\/\/vorasnoskoterklubb.fi\/fi\/\" \/>\n<meta property=\"og:site_name\" content=\"V\u00f6r\u00e5 sn\u00f6skoterklubb rf\" \/>\n<meta property=\"article:modified_time\" content=\"2025-12-10T20:14:47+00:00\" \/>\n<meta name=\"twitter:card\" content=\"summary_large_image\" \/>\n<meta name=\"twitter:label1\" content=\"Arvioitu lukuaika\" \/>\n\t<meta name=\"twitter:data1\" content=\"2 minuuttia\" \/>\n<script type=\"application\/ld+json\" class=\"yoast-schema-graph\">{\"@context\":\"https:\\\/\\\/schema.org\",\"@graph\":[{\"@type\":\"WebPage\",\"@id\":\"https:\\\/\\\/vorasnoskoterklubb.fi\\\/fi\\\/\",\"url\":\"https:\\\/\\\/vorasnoskoterklubb.fi\\\/fi\\\/\",\"name\":\"Etusivu - V\u00f6r\u00e5 sn\u00f6skoterklubb rf\",\"isPartOf\":{\"@id\":\"https:\\\/\\\/vorasnoskoterklubb.fi\\\/fi\\\/#website\"},\"datePublished\":\"2023-11-01T19:08:55+00:00\",\"dateModified\":\"2025-12-10T20:14:47+00:00\",\"breadcrumb\":{\"@id\":\"https:\\\/\\\/vorasnoskoterklubb.fi\\\/fi\\\/#breadcrumb\"},\"inLanguage\":\"fi\",\"potentialAction\":[{\"@type\":\"ReadAction\",\"target\":[\"https:\\\/\\\/vorasnoskoterklubb.fi\\\/fi\\\/\"]}]},{\"@type\":\"BreadcrumbList\",\"@id\":\"https:\\\/\\\/vorasnoskoterklubb.fi\\\/fi\\\/#breadcrumb\",\"itemListElement\":[{\"@type\":\"ListItem\",\"position\":1,\"name\":\"Hem\",\"item\":\"https:\\\/\\\/vorasnoskoterklubb.fi\\\/fi\\\/\"},{\"@type\":\"ListItem\",\"position\":2,\"name\":\"Etusivu\"}]},{\"@type\":\"WebSite\",\"@id\":\"https:\\\/\\\/vorasnoskoterklubb.fi\\\/fi\\\/#website\",\"url\":\"https:\\\/\\\/vorasnoskoterklubb.fi\\\/fi\\\/\",\"name\":\"V\u00f6r\u00e5 sn\u00f6skoterklubb rf\",\"description\":\"\",\"publisher\":{\"@id\":\"https:\\\/\\\/vorasnoskoterklubb.fi\\\/fi\\\/#organization\"},\"potentialAction\":[{\"@type\":\"SearchAction\",\"target\":{\"@type\":\"EntryPoint\",\"urlTemplate\":\"https:\\\/\\\/vorasnoskoterklubb.fi\\\/fi\\\/?s={search_term_string}\"},\"query-input\":{\"@type\":\"PropertyValueSpecification\",\"valueRequired\":true,\"valueName\":\"search_term_string\"}}],\"inLanguage\":\"fi\"},{\"@type\":\"Organization\",\"@id\":\"https:\\\/\\\/vorasnoskoterklubb.fi\\\/fi\\\/#organization\",\"name\":\"V\u00f6r\u00e5 sn\u00f6skoterklubb rf\",\"url\":\"https:\\\/\\\/vorasnoskoterklubb.fi\\\/fi\\\/\",\"logo\":{\"@type\":\"ImageObject\",\"inLanguage\":\"fi\",\"@id\":\"https:\\\/\\\/vorasnoskoterklubb.fi\\\/fi\\\/#\\\/schema\\\/logo\\\/image\\\/\",\"url\":\"https:\\\/\\\/vorasnoskoterklubb.fi\\\/wp-content\\\/uploads\\\/2023\\\/11\\\/logo-with-title.png\",\"contentUrl\":\"https:\\\/\\\/vorasnoskoterklubb.fi\\\/wp-content\\\/uploads\\\/2023\\\/11\\\/logo-with-title.png\",\"width\":6351,\"height\":481,\"caption\":\"V\u00f6r\u00e5 sn\u00f6skoterklubb rf\"},\"image\":{\"@id\":\"https:\\\/\\\/vorasnoskoterklubb.fi\\\/fi\\\/#\\\/schema\\\/logo\\\/image\\\/\"}}]}<\/script>\n<!-- \/ Yoast SEO plugin. -->","yoast_head_json":{"title":"Etusivu - V\u00f6r\u00e5 sn\u00f6skoterklubb rf","robots":{"index":"index","follow":"follow","max-snippet":"max-snippet:-1","max-image-preview":"max-image-preview:large","max-video-preview":"max-video-preview:-1"},"canonical":"https:\/\/vorasnoskoterklubb.fi\/fi\/","og_locale":"fi_FI","og_type":"article","og_title":"Etusivu - V\u00f6r\u00e5 sn\u00f6skoterklubb rf","og_description":"[vc_row row_height_percent=&#8221;100&#8243; back_color=&#8221;color-wayh&#8221; overlay_alpha=&#8221;50&#8243; gutter_size=&#8221;3&#8243; column_width_percent=&#8221;100&#8243; shift_y=&#8221;0&#8243; z_index=&#8221;0&#8243; front_end_with_slider=&#8221;true&#8221;][vc_column width=&#8221;1\/1&#8243;][uncode_slider slider_type=&#8221;fade&#8221; slider_interval=&#8221;5000&#8243; slider_navspeed=&#8221;400&#8243; slider_loop=&#8221;yes&#8221;][vc_row_inner row_inner_height_percent=&#8221;0&#8243; back_color=&#8221;color-wayh&#8221; back_image=&#8221;203&#8243; parallax=&#8221;yes&#8221; overlay_color=&#8221;color-wayh&#8221; overlay_alpha=&#8221;50&#8243; [&hellip;]","og_url":"https:\/\/vorasnoskoterklubb.fi\/fi\/","og_site_name":"V\u00f6r\u00e5 sn\u00f6skoterklubb rf","article_modified_time":"2025-12-10T20:14:47+00:00","twitter_card":"summary_large_image","twitter_misc":{"Arvioitu lukuaika":"2 minuuttia"},"schema":{"@context":"https:\/\/schema.org","@graph":[{"@type":"WebPage","@id":"https:\/\/vorasnoskoterklubb.fi\/fi\/","url":"https:\/\/vorasnoskoterklubb.fi\/fi\/","name":"Etusivu - V\u00f6r\u00e5 sn\u00f6skoterklubb rf","isPartOf":{"@id":"https:\/\/vorasnoskoterklubb.fi\/fi\/#website"},"datePublished":"2023-11-01T19:08:55+00:00","dateModified":"2025-12-10T20:14:47+00:00","breadcrumb":{"@id":"https:\/\/vorasnoskoterklubb.fi\/fi\/#breadcrumb"},"inLanguage":"fi","potentialAction":[{"@type":"ReadAction","target":["https:\/\/vorasnoskoterklubb.fi\/fi\/"]}]},{"@type":"BreadcrumbList","@id":"https:\/\/vorasnoskoterklubb.fi\/fi\/#breadcrumb","itemListElement":[{"@type":"ListItem","position":1,"name":"Hem","item":"https:\/\/vorasnoskoterklubb.fi\/fi\/"},{"@type":"ListItem","position":2,"name":"Etusivu"}]},{"@type":"WebSite","@id":"https:\/\/vorasnoskoterklubb.fi\/fi\/#website","url":"https:\/\/vorasnoskoterklubb.fi\/fi\/","name":"V\u00f6r\u00e5 sn\u00f6skoterklubb rf","description":"","publisher":{"@id":"https:\/\/vorasnoskoterklubb.fi\/fi\/#organization"},"potentialAction":[{"@type":"SearchAction","target":{"@type":"EntryPoint","urlTemplate":"https:\/\/vorasnoskoterklubb.fi\/fi\/?s={search_term_string}"},"query-input":{"@type":"PropertyValueSpecification","valueRequired":true,"valueName":"search_term_string"}}],"inLanguage":"fi"},{"@type":"Organization","@id":"https:\/\/vorasnoskoterklubb.fi\/fi\/#organization","name":"V\u00f6r\u00e5 sn\u00f6skoterklubb rf","url":"https:\/\/vorasnoskoterklubb.fi\/fi\/","logo":{"@type":"ImageObject","inLanguage":"fi","@id":"https:\/\/vorasnoskoterklubb.fi\/fi\/#\/schema\/logo\/image\/","url":"https:\/\/vorasnoskoterklubb.fi\/wp-content\/uploads\/2023\/11\/logo-with-title.png","contentUrl":"https:\/\/vorasnoskoterklubb.fi\/wp-content\/uploads\/2023\/11\/logo-with-title.png","width":6351,"height":481,"caption":"V\u00f6r\u00e5 sn\u00f6skoterklubb rf"},"image":{"@id":"https:\/\/vorasnoskoterklubb.fi\/fi\/#\/schema\/logo\/image\/"}}]}},"_links":{"self":[{"href":"https:\/\/vorasnoskoterklubb.fi\/fi\/wp-json\/wp\/v2\/pages\/266","targetHints":{"allow":["GET"]}}],"collection":[{"href":"https:\/\/vorasnoskoterklubb.fi\/fi\/wp-json\/wp\/v2\/pages"}],"about":[{"href":"https:\/\/vorasnoskoterklubb.fi\/fi\/wp-json\/wp\/v2\/types\/page"}],"author":[{"embeddable":true,"href":"https:\/\/vorasnoskoterklubb.fi\/fi\/wp-json\/wp\/v2\/users\/1"}],"replies":[{"embeddable":true,"href":"https:\/\/vorasnoskoterklubb.fi\/fi\/wp-json\/wp\/v2\/comments?post=266"}],"version-history":[{"count":26,"href":"https:\/\/vorasnoskoterklubb.fi\/fi\/wp-json\/wp\/v2\/pages\/266\/revisions"}],"predecessor-version":[{"id":503,"href":"https:\/\/vorasnoskoterklubb.fi\/fi\/wp-json\/wp\/v2\/pages\/266\/revisions\/503"}],"wp:attachment":[{"href":"https:\/\/vorasnoskoterklubb.fi\/fi\/wp-json\/wp\/v2\/media?parent=266"}],"curies":[{"name":"wp","href":"https:\/\/api.w.org\/{rel}","templated":true}]}}