{"id":265,"date":"2023-11-03T20:02:03","date_gmt":"2023-11-03T18:02:03","guid":{"rendered":"https:\/\/vorasnoskoterklubb.fi\/ota-yhteytta\/"},"modified":"2023-11-20T22:28:55","modified_gmt":"2023-11-20T20:28:55","slug":"ota-yhteytta","status":"publish","type":"page","link":"https:\/\/vorasnoskoterklubb.fi\/fi\/ota-yhteytta\/","title":{"rendered":"Ota yhteytt\u00e4"},"content":{"rendered":"<div class=\"wpb-content-wrapper\"><p>[vc_row row_height_percent=&#8221;0&#8243; override_padding=&#8221;yes&#8221; h_padding=&#8221;2&#8243; top_padding=&#8221;2&#8243; bottom_padding=&#8221;2&#8243; overlay_alpha=&#8221;0&#8243; equal_height=&#8221;yes&#8221; gutter_size=&#8221;3&#8243; column_width_percent=&#8221;100&#8243; shift_y=&#8221;0&#8243; z_index=&#8221;0&#8243; bottom_divider=&#8221;gradient&#8221; el_class=&#8221;row-letaral section-lateral row-horizontal-display overflow-hidden shape-bg additions&#8221; uncode_shortcode_id=&#8221;180801&#8243;][vc_column column_width_use_pixel=&#8221;yes&#8221; position_vertical=&#8221;middle&#8221; align_horizontal=&#8221;align_center&#8221; gutter_size=&#8221;3&#8243; overlay_alpha=&#8221;50&#8243; shift_x=&#8221;0&#8243; shift_y=&#8221;0&#8243; shift_y_down=&#8221;0&#8243; z_index=&#8221;0&#8243; medium_width=&#8221;0&#8243; mobile_width=&#8221;0&#8243; width=&#8221;1\/1&#8243;][vc_row_inner row_inner_height_percent=&#8221;0&#8243; overlay_alpha=&#8221;50&#8243; gutter_size=&#8221;3&#8243; shift_y=&#8221;0&#8243; z_index=&#8221;0&#8243; limit_content=&#8221;&#8221;][vc_column_inner column_width_use_pixel=&#8221;yes&#8221; align_horizontal=&#8221;align_center&#8221; gutter_size=&#8221;2&#8243; overlay_alpha=&#8221;50&#8243; shift_x=&#8221;0&#8243; shift_y=&#8221;0&#8243; shift_y_down=&#8221;0&#8243; z_index=&#8221;0&#8243; medium_width=&#8221;0&#8243; mobile_width=&#8221;0&#8243; width=&#8221;1\/1&#8243; column_width_pixel=&#8221;800&#8243;][vc_custom_heading heading_semantic=&#8221;h3&#8243; text_size=&#8221;h1&#8243; uncode_shortcode_id=&#8221;173192&#8243;]Ota yhteytt\u00e4[\/vc_custom_heading][\/vc_column_inner][\/vc_row_inner][\/vc_column][\/vc_row][vc_row][vc_column width=&#8221;1\/1&#8243;]\n<div class=\"wpcf7 no-js\" id=\"wpcf7-f280-o1\" lang=\"fi\" dir=\"ltr\" data-wpcf7-id=\"280\">\n<div class=\"screen-reader-response\"><p role=\"status\" aria-live=\"polite\" aria-atomic=\"true\"><\/p> <ul><\/ul><\/div>\n<form action=\"\/fi\/wp-json\/wp\/v2\/pages\/265#wpcf7-f280-o1\" method=\"post\" class=\"wpcf7-form init\" aria-label=\"Yhteydenottolomake\" novalidate=\"novalidate\" data-status=\"init\">\n<fieldset class=\"hidden-fields-container\"><input type=\"hidden\" name=\"_wpcf7\" value=\"280\" \/><input type=\"hidden\" name=\"_wpcf7_version\" value=\"6.1.5\" \/><input type=\"hidden\" name=\"_wpcf7_locale\" value=\"fi\" \/><input type=\"hidden\" name=\"_wpcf7_unit_tag\" value=\"wpcf7-f280-o1\" \/><input type=\"hidden\" name=\"_wpcf7_container_post\" value=\"0\" \/><input type=\"hidden\" name=\"_wpcf7_posted_data_hash\" value=\"\" \/><input type=\"hidden\" name=\"_wpcf7_recaptcha_response\" value=\"\" \/>\n<\/fieldset>\n<p><label>Nimi<br \/>\n<span class=\"wpcf7-form-control-wrap\" data-name=\"your-name\"><input size=\"40\" maxlength=\"400\" class=\"wpcf7-form-control wpcf7-text wpcf7-validates-as-required\" autocomplete=\"name\" aria-required=\"true\" aria-invalid=\"false\" value=\"\" type=\"text\" name=\"your-name\" \/><\/span> <\/label>\n<\/p>\n<p><label>S\u00e4hk\u00f6posti<br \/>\n<span class=\"wpcf7-form-control-wrap\" data-name=\"your-email\"><input size=\"40\" maxlength=\"400\" class=\"wpcf7-form-control wpcf7-email wpcf7-validates-as-required wpcf7-text wpcf7-validates-as-email\" autocomplete=\"email\" aria-required=\"true\" aria-invalid=\"false\" value=\"\" type=\"email\" name=\"your-email\" \/><\/span> <\/label>\n<\/p>\n<p><label> Viesti<br \/>\n<span class=\"wpcf7-form-control-wrap\" data-name=\"your-message\"><textarea cols=\"40\" rows=\"10\" maxlength=\"2000\" class=\"wpcf7-form-control wpcf7-textarea wpcf7-validates-as-required\" aria-required=\"true\" aria-invalid=\"false\" name=\"your-message\"><\/textarea><\/span> <\/label>\n<\/p>\n<p><input class=\"wpcf7-form-control wpcf7-submit has-spinner\" type=\"submit\" value=\"L\u00e4het\u00e4\" \/>\n<\/p><div class=\"wpcf7-response-output\" aria-hidden=\"true\"><\/div>\n<\/form>\n<\/div>\n[\/vc_column][\/vc_row]<\/p>\n<\/div>","protected":false},"excerpt":{"rendered":"<p>[vc_row row_height_percent=&#8221;0&#8243; override_padding=&#8221;yes&#8221; h_padding=&#8221;2&#8243; top_padding=&#8221;2&#8243; bottom_padding=&#8221;2&#8243; overlay_alpha=&#8221;0&#8243; equal_height=&#8221;yes&#8221; gutter_size=&#8221;3&#8243; column_width_percent=&#8221;100&#8243; shift_y=&#8221;0&#8243; z_index=&#8221;0&#8243; bottom_divider=&#8221;gradient&#8221; el_class=&#8221;row-letaral section-lateral row-horizontal-display overflow-hidden shape-bg additions&#8221; uncode_shortcode_id=&#8221;180801&#8243;][vc_column [&hellip;]<\/p>\n","protected":false},"author":1,"featured_media":0,"parent":0,"menu_order":0,"comment_status":"closed","ping_status":"closed","template":"","meta":{"footnotes":""},"class_list":["post-265","page","type-page","status-publish","hentry"],"yoast_head":"<!-- This site is optimized with the Yoast SEO plugin v27.3 - https:\/\/yoast.com\/product\/yoast-seo-wordpress\/ -->\n<title>Ota yhteytt\u00e4 - V\u00f6r\u00e5 sn\u00f6skoterklubb rf<\/title>\n<meta name=\"robots\" content=\"index, follow, max-snippet:-1, max-image-preview:large, max-video-preview:-1\" \/>\n<link rel=\"canonical\" href=\"https:\/\/vorasnoskoterklubb.fi\/fi\/ota-yhteytta\/\" \/>\n<meta property=\"og:locale\" content=\"fi_FI\" \/>\n<meta property=\"og:type\" content=\"article\" \/>\n<meta property=\"og:title\" content=\"Ota yhteytt\u00e4 - V\u00f6r\u00e5 sn\u00f6skoterklubb rf\" \/>\n<meta property=\"og:description\" content=\"[vc_row row_height_percent=&#8221;0&#8243; override_padding=&#8221;yes&#8221; h_padding=&#8221;2&#8243; top_padding=&#8221;2&#8243; bottom_padding=&#8221;2&#8243; overlay_alpha=&#8221;0&#8243; equal_height=&#8221;yes&#8221; gutter_size=&#8221;3&#8243; column_width_percent=&#8221;100&#8243; shift_y=&#8221;0&#8243; z_index=&#8221;0&#8243; bottom_divider=&#8221;gradient&#8221; el_class=&#8221;row-letaral section-lateral row-horizontal-display overflow-hidden shape-bg additions&#8221; uncode_shortcode_id=&#8221;180801&#8243;][vc_column [&hellip;]\" \/>\n<meta property=\"og:url\" content=\"https:\/\/vorasnoskoterklubb.fi\/fi\/ota-yhteytta\/\" \/>\n<meta property=\"og:site_name\" content=\"V\u00f6r\u00e5 sn\u00f6skoterklubb rf\" \/>\n<meta property=\"article:modified_time\" content=\"2023-11-20T20:28:55+00:00\" \/>\n<meta name=\"twitter:card\" content=\"summary_large_image\" \/>\n<meta name=\"twitter:label1\" content=\"Arvioitu lukuaika\" \/>\n\t<meta name=\"twitter:data1\" content=\"1 minuutti\" \/>\n<script type=\"application\/ld+json\" class=\"yoast-schema-graph\">{\"@context\":\"https:\\\/\\\/schema.org\",\"@graph\":[{\"@type\":\"WebPage\",\"@id\":\"https:\\\/\\\/vorasnoskoterklubb.fi\\\/fi\\\/ota-yhteytta\\\/\",\"url\":\"https:\\\/\\\/vorasnoskoterklubb.fi\\\/fi\\\/ota-yhteytta\\\/\",\"name\":\"Ota yhteytt\u00e4 - V\u00f6r\u00e5 sn\u00f6skoterklubb rf\",\"isPartOf\":{\"@id\":\"https:\\\/\\\/vorasnoskoterklubb.fi\\\/fi\\\/#website\"},\"datePublished\":\"2023-11-03T18:02:03+00:00\",\"dateModified\":\"2023-11-20T20:28:55+00:00\",\"breadcrumb\":{\"@id\":\"https:\\\/\\\/vorasnoskoterklubb.fi\\\/fi\\\/ota-yhteytta\\\/#breadcrumb\"},\"inLanguage\":\"fi\",\"potentialAction\":[{\"@type\":\"ReadAction\",\"target\":[\"https:\\\/\\\/vorasnoskoterklubb.fi\\\/fi\\\/ota-yhteytta\\\/\"]}]},{\"@type\":\"BreadcrumbList\",\"@id\":\"https:\\\/\\\/vorasnoskoterklubb.fi\\\/fi\\\/ota-yhteytta\\\/#breadcrumb\",\"itemListElement\":[{\"@type\":\"ListItem\",\"position\":1,\"name\":\"Hem\",\"item\":\"https:\\\/\\\/vorasnoskoterklubb.fi\\\/fi\\\/\"},{\"@type\":\"ListItem\",\"position\":2,\"name\":\"Ota yhteytt\u00e4\"}]},{\"@type\":\"WebSite\",\"@id\":\"https:\\\/\\\/vorasnoskoterklubb.fi\\\/fi\\\/#website\",\"url\":\"https:\\\/\\\/vorasnoskoterklubb.fi\\\/fi\\\/\",\"name\":\"V\u00f6r\u00e5 sn\u00f6skoterklubb rf\",\"description\":\"\",\"publisher\":{\"@id\":\"https:\\\/\\\/vorasnoskoterklubb.fi\\\/fi\\\/#organization\"},\"potentialAction\":[{\"@type\":\"SearchAction\",\"target\":{\"@type\":\"EntryPoint\",\"urlTemplate\":\"https:\\\/\\\/vorasnoskoterklubb.fi\\\/fi\\\/?s={search_term_string}\"},\"query-input\":{\"@type\":\"PropertyValueSpecification\",\"valueRequired\":true,\"valueName\":\"search_term_string\"}}],\"inLanguage\":\"fi\"},{\"@type\":\"Organization\",\"@id\":\"https:\\\/\\\/vorasnoskoterklubb.fi\\\/fi\\\/#organization\",\"name\":\"V\u00f6r\u00e5 sn\u00f6skoterklubb rf\",\"url\":\"https:\\\/\\\/vorasnoskoterklubb.fi\\\/fi\\\/\",\"logo\":{\"@type\":\"ImageObject\",\"inLanguage\":\"fi\",\"@id\":\"https:\\\/\\\/vorasnoskoterklubb.fi\\\/fi\\\/#\\\/schema\\\/logo\\\/image\\\/\",\"url\":\"https:\\\/\\\/vorasnoskoterklubb.fi\\\/wp-content\\\/uploads\\\/2023\\\/11\\\/logo-with-title.png\",\"contentUrl\":\"https:\\\/\\\/vorasnoskoterklubb.fi\\\/wp-content\\\/uploads\\\/2023\\\/11\\\/logo-with-title.png\",\"width\":6351,\"height\":481,\"caption\":\"V\u00f6r\u00e5 sn\u00f6skoterklubb rf\"},\"image\":{\"@id\":\"https:\\\/\\\/vorasnoskoterklubb.fi\\\/fi\\\/#\\\/schema\\\/logo\\\/image\\\/\"}}]}<\/script>\n<!-- \/ Yoast SEO plugin. -->","yoast_head_json":{"title":"Ota yhteytt\u00e4 - V\u00f6r\u00e5 sn\u00f6skoterklubb rf","robots":{"index":"index","follow":"follow","max-snippet":"max-snippet:-1","max-image-preview":"max-image-preview:large","max-video-preview":"max-video-preview:-1"},"canonical":"https:\/\/vorasnoskoterklubb.fi\/fi\/ota-yhteytta\/","og_locale":"fi_FI","og_type":"article","og_title":"Ota yhteytt\u00e4 - V\u00f6r\u00e5 sn\u00f6skoterklubb rf","og_description":"[vc_row row_height_percent=&#8221;0&#8243; override_padding=&#8221;yes&#8221; h_padding=&#8221;2&#8243; top_padding=&#8221;2&#8243; bottom_padding=&#8221;2&#8243; overlay_alpha=&#8221;0&#8243; equal_height=&#8221;yes&#8221; gutter_size=&#8221;3&#8243; column_width_percent=&#8221;100&#8243; shift_y=&#8221;0&#8243; z_index=&#8221;0&#8243; bottom_divider=&#8221;gradient&#8221; el_class=&#8221;row-letaral section-lateral row-horizontal-display overflow-hidden shape-bg additions&#8221; uncode_shortcode_id=&#8221;180801&#8243;][vc_column [&hellip;]","og_url":"https:\/\/vorasnoskoterklubb.fi\/fi\/ota-yhteytta\/","og_site_name":"V\u00f6r\u00e5 sn\u00f6skoterklubb rf","article_modified_time":"2023-11-20T20:28:55+00:00","twitter_card":"summary_large_image","twitter_misc":{"Arvioitu lukuaika":"1 minuutti"},"schema":{"@context":"https:\/\/schema.org","@graph":[{"@type":"WebPage","@id":"https:\/\/vorasnoskoterklubb.fi\/fi\/ota-yhteytta\/","url":"https:\/\/vorasnoskoterklubb.fi\/fi\/ota-yhteytta\/","name":"Ota yhteytt\u00e4 - V\u00f6r\u00e5 sn\u00f6skoterklubb rf","isPartOf":{"@id":"https:\/\/vorasnoskoterklubb.fi\/fi\/#website"},"datePublished":"2023-11-03T18:02:03+00:00","dateModified":"2023-11-20T20:28:55+00:00","breadcrumb":{"@id":"https:\/\/vorasnoskoterklubb.fi\/fi\/ota-yhteytta\/#breadcrumb"},"inLanguage":"fi","potentialAction":[{"@type":"ReadAction","target":["https:\/\/vorasnoskoterklubb.fi\/fi\/ota-yhteytta\/"]}]},{"@type":"BreadcrumbList","@id":"https:\/\/vorasnoskoterklubb.fi\/fi\/ota-yhteytta\/#breadcrumb","itemListElement":[{"@type":"ListItem","position":1,"name":"Hem","item":"https:\/\/vorasnoskoterklubb.fi\/fi\/"},{"@type":"ListItem","position":2,"name":"Ota yhteytt\u00e4"}]},{"@type":"WebSite","@id":"https:\/\/vorasnoskoterklubb.fi\/fi\/#website","url":"https:\/\/vorasnoskoterklubb.fi\/fi\/","name":"V\u00f6r\u00e5 sn\u00f6skoterklubb rf","description":"","publisher":{"@id":"https:\/\/vorasnoskoterklubb.fi\/fi\/#organization"},"potentialAction":[{"@type":"SearchAction","target":{"@type":"EntryPoint","urlTemplate":"https:\/\/vorasnoskoterklubb.fi\/fi\/?s={search_term_string}"},"query-input":{"@type":"PropertyValueSpecification","valueRequired":true,"valueName":"search_term_string"}}],"inLanguage":"fi"},{"@type":"Organization","@id":"https:\/\/vorasnoskoterklubb.fi\/fi\/#organization","name":"V\u00f6r\u00e5 sn\u00f6skoterklubb rf","url":"https:\/\/vorasnoskoterklubb.fi\/fi\/","logo":{"@type":"ImageObject","inLanguage":"fi","@id":"https:\/\/vorasnoskoterklubb.fi\/fi\/#\/schema\/logo\/image\/","url":"https:\/\/vorasnoskoterklubb.fi\/wp-content\/uploads\/2023\/11\/logo-with-title.png","contentUrl":"https:\/\/vorasnoskoterklubb.fi\/wp-content\/uploads\/2023\/11\/logo-with-title.png","width":6351,"height":481,"caption":"V\u00f6r\u00e5 sn\u00f6skoterklubb rf"},"image":{"@id":"https:\/\/vorasnoskoterklubb.fi\/fi\/#\/schema\/logo\/image\/"}}]}},"_links":{"self":[{"href":"https:\/\/vorasnoskoterklubb.fi\/fi\/wp-json\/wp\/v2\/pages\/265","targetHints":{"allow":["GET"]}}],"collection":[{"href":"https:\/\/vorasnoskoterklubb.fi\/fi\/wp-json\/wp\/v2\/pages"}],"about":[{"href":"https:\/\/vorasnoskoterklubb.fi\/fi\/wp-json\/wp\/v2\/types\/page"}],"author":[{"embeddable":true,"href":"https:\/\/vorasnoskoterklubb.fi\/fi\/wp-json\/wp\/v2\/users\/1"}],"replies":[{"embeddable":true,"href":"https:\/\/vorasnoskoterklubb.fi\/fi\/wp-json\/wp\/v2\/comments?post=265"}],"version-history":[{"count":1,"href":"https:\/\/vorasnoskoterklubb.fi\/fi\/wp-json\/wp\/v2\/pages\/265\/revisions"}],"predecessor-version":[{"id":268,"href":"https:\/\/vorasnoskoterklubb.fi\/fi\/wp-json\/wp\/v2\/pages\/265\/revisions\/268"}],"wp:attachment":[{"href":"https:\/\/vorasnoskoterklubb.fi\/fi\/wp-json\/wp\/v2\/media?parent=265"}],"curies":[{"name":"wp","href":"https:\/\/api.w.org\/{rel}","templated":true}]}}